{"id":62,"date":"2024-02-27T12:59:36","date_gmt":"2024-02-27T12:59:36","guid":{"rendered":"https:\/\/arthursalle.b2design.pt\/?page_id=62"},"modified":"2024-03-20T12:57:18","modified_gmt":"2024-03-20T12:57:18","slug":"homepage","status":"publish","type":"page","link":"https:\/\/arthursalle.b2design.pt\/","title":{"rendered":"Homepage"},"content":{"rendered":"<p>[et_pb_section fb_built=&#8221;1&#8243; _builder_version=&#8221;4.24.2&#8243; _module_preset=&#8221;default&#8221; background_enable_color=&#8221;off&#8221; background_enable_image=&#8221;off&#8221; background_position=&#8221;top_center&#8221; background_vertical_offset=&#8221;37%&#8221; background_video_mp4=&#8221;https:\/\/arthursalle.b2design.pt\/wp-content\/uploads\/2024\/03\/pianist_1.mp4&#8243; custom_padding=&#8221;15%||15%||false|false&#8221; global_colors_info=&#8221;{}&#8221;][\/et_pb_section][et_pb_section fb_built=&#8221;1&#8243; _builder_version=&#8221;4.24.2&#8243; _module_preset=&#8221;default&#8221; global_colors_info=&#8221;{}&#8221;][et_pb_row _builder_version=&#8221;4.24.2&#8243; _module_preset=&#8221;default&#8221; global_colors_info=&#8221;{}&#8221;][et_pb_column type=&#8221;4_4&#8243; _builder_version=&#8221;4.24.2&#8243; _module_preset=&#8221;default&#8221; global_colors_info=&#8221;{}&#8221;][et_pb_text _builder_version=&#8221;4.24.2&#8243; _module_preset=&#8221;default&#8221; text_font=&#8221;GFS Didot||||||||&#8221; text_text_color=&#8221;#333234&#8243; text_font_size=&#8221;18px&#8221; header_6_font=&#8221;Prata||||||||&#8221; header_6_text_color=&#8221;#333234&#8243; header_6_font_size=&#8221;47px&#8221; header_6_line_height=&#8221;1.4em&#8221; custom_margin=&#8221;5%|42.5%|10%||false|false&#8221; custom_margin_tablet=&#8221;2%|30%|20%||false|false&#8221; custom_margin_phone=&#8221;2%|30%|20%||false|false&#8221; custom_margin_last_edited=&#8221;on|desktop&#8221; animation_style=&#8221;slide&#8221; animation_direction=&#8221;left&#8221; animation_duration=&#8221;2000ms&#8221; animation_delay=&#8221;1000ms&#8221; inline_fonts=&#8221;Prata&#8221; global_colors_info=&#8221;{}&#8221; custom_margin__hover_enabled=&#8221;off|desktop&#8221;]<\/p>\n<h6>\u00abLa musique <img loading=\"lazy\" decoding=\"async\" src=\"https:\/\/arthursalle.b2design.pt\/wp-content\/uploads\/2024\/03\/Nota_ArthurSalleChou.png\" width=\"43\" height=\"31\" alt=\"\" class=\"wp-image-111 alignnone size-full\" \/> commence l\u00e0 o\u00f9 s\u2019arr\u00eate le pouvoir <img loading=\"lazy\" decoding=\"async\" src=\"https:\/\/arthursalle.b2design.pt\/wp-content\/uploads\/2024\/03\/Simbolo_ArthurSalleChou-300x114.png\" width=\"82\" height=\"31\" alt=\"\" class=\"wp-image-98 alignnone size-medium\" srcset=\"https:\/\/arthursalle.b2design.pt\/wp-content\/uploads\/2024\/03\/Simbolo_ArthurSalleChou-300x114.png 300w, https:\/\/arthursalle.b2design.pt\/wp-content\/uploads\/2024\/03\/Simbolo_ArthurSalleChou.png 431w\" sizes=\"auto, (max-width: 82px) 100vw, 82px\" \/> des mots\u00bb<\/h6>\n<p><span style=\"font-family: Prata; font-weight: normal;\">Richard Wagner<\/span><\/p>\n<p>[\/et_pb_text][\/et_pb_column][\/et_pb_row][\/et_pb_section][et_pb_section fb_built=&#8221;1&#8243; fullwidth=&#8221;on&#8221; _builder_version=&#8221;4.24.2&#8243; _module_preset=&#8221;default&#8221; background_image=&#8221;https:\/\/arthursalle.b2design.pt\/wp-content\/uploads\/2024\/03\/pexels-charles-parker-6647892-scaled.jpg&#8221; background_position=&#8221;bottom_center&#8221; background_enable_video_mp4=&#8221;off&#8221; global_colors_info=&#8221;{}&#8221;][et_pb_fullwidth_header title=&#8221;Bienvenue&#8221; subhead=&#8221;Cours de piano&#8221; button_one_text=&#8221;S&#8217;inscrire&#8221; _builder_version=&#8221;4.24.2&#8243; _module_preset=&#8221;default&#8221; title_font=&#8221;|300||on|||||&#8221; title_font_size=&#8221;20px&#8221; title_letter_spacing=&#8221;2px&#8221; subhead_font=&#8221;Prata||||||||&#8221; subhead_font_size=&#8221;55px&#8221; subhead_line_height=&#8221;1.2em&#8221; background_color=&#8221;RGBA(255,255,255,0)&#8221; background_enable_image=&#8221;off&#8221; background_position=&#8221;bottom_center&#8221; background_vertical_offset=&#8221;14%&#8221; background_enable_video_mp4=&#8221;off&#8221; custom_button_one=&#8221;on&#8221; button_one_border_width=&#8221;1px&#8221; button_one_border_radius=&#8221;100px&#8221; button_one_custom_margin=&#8221;||||false|false&#8221; button_one_custom_padding=&#8221;||||false|false&#8221; custom_padding=&#8221;10%||20%||false|false&#8221; animation_style=&#8221;fade&#8221; animation_duration=&#8221;2000ms&#8221; animation_delay=&#8221;1000ms&#8221; global_colors_info=&#8221;{}&#8221;][\/et_pb_fullwidth_header][\/et_pb_section][et_pb_section fb_built=&#8221;1&#8243; _builder_version=&#8221;4.24.2&#8243; _module_preset=&#8221;default&#8221; background_enable_color=&#8221;off&#8221; custom_margin=&#8221;||||false|false&#8221; custom_padding=&#8221;5%||5%||false|false&#8221; locked=&#8221;off&#8221; global_colors_info=&#8221;{}&#8221;][et_pb_row column_structure=&#8221;3_5,2_5&#8243; _builder_version=&#8221;4.24.2&#8243; _module_preset=&#8221;default&#8221; custom_margin=&#8221;|auto|2%|auto|false|false&#8221; custom_padding=&#8221;||||false|false&#8221; animation_style=&#8221;slide&#8221; animation_direction=&#8221;left&#8221; animation_duration=&#8221;2000ms&#8221; animation_delay=&#8221;1000ms&#8221; global_colors_info=&#8221;{}&#8221;][et_pb_column type=&#8221;3_5&#8243; _builder_version=&#8221;4.24.2&#8243; _module_preset=&#8221;default&#8221; global_colors_info=&#8221;{}&#8221;][et_pb_text _builder_version=&#8221;4.24.2&#8243; _module_preset=&#8221;default&#8221; text_font_size=&#8221;18px&#8221; text_line_height=&#8221;1.8em&#8221; global_colors_info=&#8221;{}&#8221;]<\/p>\n<p><span>N\u00e9 en 1984, Arthur commence le violon \u00e0 l\u2019\u00e2ge de quatre ans. Tout petit d\u00e9j\u00e0, la musique prend une place essentielle dans sa vie. Il rencontre Elisabeth Gradinarov qui sera un vrai maitre \u00e0 penser musical pour lui. A sept ans, il entre en horaires am\u00e9nag\u00e9s au CRR de Paris dans la classe de violon de Bertrand Cervera (tout en continuant \u00e0 travailler avec Elisabeth Gradinarov) ainsi qu\u2019\u00e0 la ma\u00eetrise de Paris de Patrick Marco. Il restera quatre ans durant au CRR o\u00f9 il obtiendra ses dipl\u00f4mes en solf\u00e8ge, harmonie, et histoire de la musique.\u00a0<\/span><\/p>\n<p><span><\/span><\/p>\n<p><span><\/span><\/p>\n<p>[\/et_pb_text][et_pb_button button_text=&#8221;En savoir plus&#8221; _builder_version=&#8221;4.24.2&#8243; _module_preset=&#8221;default&#8221; custom_button=&#8221;on&#8221; button_text_color=&#8221;#333234&#8243; button_border_width=&#8221;1px&#8221; button_border_radius=&#8221;100px&#8221; global_colors_info=&#8221;{}&#8221;][\/et_pb_button][\/et_pb_column][et_pb_column type=&#8221;2_5&#8243; _builder_version=&#8221;4.24.2&#8243; _module_preset=&#8221;default&#8221; global_colors_info=&#8221;{}&#8221;][et_pb_image src=&#8221;https:\/\/arthursalle.b2design.pt\/wp-content\/uploads\/2024\/02\/Fotografia_Arthur.jpg&#8221; title_text=&#8221;Fotografia_Arthur&#8221; _builder_version=&#8221;4.24.2&#8243; _module_preset=&#8221;default&#8221; global_colors_info=&#8221;{}&#8221;][\/et_pb_image][\/et_pb_column][\/et_pb_row][et_pb_row column_structure=&#8221;1_5,3_5,1_5&#8243; custom_padding_last_edited=&#8221;on|desktop&#8221; _builder_version=&#8221;4.24.2&#8243; _module_preset=&#8221;default&#8221; background_color=&#8221;#ffffff&#8221; custom_margin=&#8221;|auto|30px|auto|false|false&#8221; custom_padding=&#8221;1%|1%|1%|1%|true|true&#8221; custom_padding_tablet=&#8221;5%|5%|9.5%|5%|false|true&#8221; custom_padding_phone=&#8221;6%|6%|6%|6%|true|true&#8221; animation_style=&#8221;slide&#8221; animation_duration=&#8221;2000ms&#8221; animation_delay=&#8221;1000ms&#8221; box_shadow_style=&#8221;preset2&#8243; global_colors_info=&#8221;{}&#8221;][et_pb_column type=&#8221;1_5&#8243; _builder_version=&#8221;4.24.2&#8243; _module_preset=&#8221;default&#8221; global_colors_info=&#8221;{}&#8221;][et_pb_image src=&#8221;https:\/\/arthursalle.b2design.pt\/wp-content\/uploads\/2024\/03\/musique_ArthurSalleChou-21.png&#8221; title_text=&#8221;musique_ArthurSalleChou-21&#8243; _builder_version=&#8221;4.24.2&#8243; _module_preset=&#8221;default&#8221; width=&#8221;85%&#8221; global_colors_info=&#8221;{}&#8221;][\/et_pb_image][\/et_pb_column][et_pb_column type=&#8221;3_5&#8243; _builder_version=&#8221;4.24.2&#8243; _module_preset=&#8221;default&#8221; global_colors_info=&#8221;{}&#8221;][et_pb_text _builder_version=&#8221;4.24.2&#8243; _module_preset=&#8221;default&#8221; text_text_color=&#8221;#000000&#8243; text_font_size=&#8221;22px&#8221; text_line_height=&#8221;0.4em&#8221; header_6_font_size=&#8221;16px&#8221; header_6_line_height=&#8221;3.2em&#8221; positioning=&#8221;absolute&#8221; position_origin_f=&#8221;bottom_right&#8221; vertical_offset=&#8221;50px&#8221; horizontal_offset=&#8221;0px&#8221; z_index=&#8221;0&#8243; vertical_offset_tablet=&#8221;30px&#8221; vertical_offset_phone=&#8221;15px&#8221; vertical_offset_last_edited=&#8221;on|phone&#8221; width=&#8221;100%&#8221; custom_margin=&#8221;||||false|false&#8221; custom_padding=&#8221;||||false|false&#8221; hover_enabled=&#8221;0&#8243; header_6_line_height_tablet=&#8221;3.2em&#8221; header_6_line_height_phone=&#8221;3.2em&#8221; header_6_line_height_last_edited=&#8221;on|desktop&#8221; global_colors_info=&#8221;{}&#8221; header_6_text_color=&#8221;#6b6b6b&#8221; sticky_enabled=&#8221;0&#8243;]<\/p>\n<p>Name of the music<\/p>\n<h6>Minutes and website to listen<\/h6>\n<p>[\/et_pb_text][\/et_pb_column][et_pb_column type=&#8221;1_5&#8243; _builder_version=&#8221;4.24.2&#8243; _module_preset=&#8221;default&#8221; global_colors_info=&#8221;{}&#8221;][et_pb_image src=&#8221;https:\/\/arthursalle.b2design.pt\/wp-content\/uploads\/2024\/02\/Play_icon.png&#8221; title_text=&#8221;Play_icon&#8221; align=&#8221;right&#8221; _builder_version=&#8221;4.24.2&#8243; _module_preset=&#8221;default&#8221; positioning=&#8221;absolute&#8221; position_origin_a=&#8221;top_center&#8221; vertical_offset=&#8221;48px&#8221; vertical_offset_tablet=&#8221;-40px&#8221; vertical_offset_phone=&#8221;-35px&#8221; vertical_offset_last_edited=&#8221;on|tablet&#8221; position_origin_a_tablet=&#8221;top_right&#8221; position_origin_a_phone=&#8221;top_right&#8221; position_origin_a_last_edited=&#8221;on|tablet&#8221; position_origin_f_tablet=&#8221;&#8221; position_origin_f_phone=&#8221;&#8221; position_origin_f_last_edited=&#8221;on|desktop&#8221; position_origin_r_tablet=&#8221;&#8221; position_origin_r_phone=&#8221;&#8221; position_origin_r_last_edited=&#8221;on|desktop&#8221; width=&#8221;28%&#8221; width_tablet=&#8221;14%&#8221; width_phone=&#8221;12%&#8221; width_last_edited=&#8221;on|phone&#8221; positioning_tablet=&#8221;absolute&#8221; positioning_phone=&#8221;absolute&#8221; positioning_last_edited=&#8221;on|desktop&#8221; global_colors_info=&#8221;{}&#8221;][\/et_pb_image][\/et_pb_column][\/et_pb_row][et_pb_row column_structure=&#8221;1_5,3_5,1_5&#8243; custom_padding_last_edited=&#8221;on|tablet&#8221; _builder_version=&#8221;4.24.2&#8243; _module_preset=&#8221;default&#8221; background_color=&#8221;#ffffff&#8221; custom_margin=&#8221;|auto|30px|auto|false|false&#8221; custom_padding=&#8221;1%|1%|1%|1%|true|true&#8221; custom_padding_tablet=&#8221;5%|5%|9.5%|5%|false|true&#8221; custom_padding_phone=&#8221;6%|6%|12%|6%|false|true&#8221; animation_style=&#8221;slide&#8221; animation_duration=&#8221;2000ms&#8221; animation_delay=&#8221;1000ms&#8221; box_shadow_style=&#8221;preset2&#8243; global_colors_info=&#8221;{}&#8221;][et_pb_column type=&#8221;1_5&#8243; _builder_version=&#8221;4.24.2&#8243; _module_preset=&#8221;default&#8221; global_colors_info=&#8221;{}&#8221;][et_pb_image src=&#8221;https:\/\/arthursalle.b2design.pt\/wp-content\/uploads\/2024\/03\/musique_ArthurSalleChou-16.png&#8221; title_text=&#8221;musique_ArthurSalleChou-16&#8243; _builder_version=&#8221;4.24.2&#8243; _module_preset=&#8221;default&#8221; width=&#8221;85%&#8221; global_colors_info=&#8221;{}&#8221;][\/et_pb_image][\/et_pb_column][et_pb_column type=&#8221;3_5&#8243; _builder_version=&#8221;4.24.2&#8243; _module_preset=&#8221;default&#8221; global_colors_info=&#8221;{}&#8221;][et_pb_text _builder_version=&#8221;4.24.2&#8243; _module_preset=&#8221;default&#8221; text_text_color=&#8221;#000000&#8243; text_font_size=&#8221;22px&#8221; text_line_height=&#8221;1.4em&#8221; header_6_font_size=&#8221;16px&#8221; header_6_line_height=&#8221;3.2em&#8221; positioning=&#8221;absolute&#8221; position_origin_f=&#8221;bottom_right&#8221; vertical_offset=&#8221;19px&#8221; horizontal_offset=&#8221;0px&#8221; z_index=&#8221;0&#8243; vertical_offset_tablet=&#8221;8px&#8221; vertical_offset_phone=&#8221;0px&#8221; vertical_offset_last_edited=&#8221;on|phone&#8221; width=&#8221;100%&#8221; custom_margin=&#8221;||||false|false&#8221; custom_margin_tablet=&#8221;|20%|||false|false&#8221; custom_margin_phone=&#8221;|20%|||false|false&#8221; custom_margin_last_edited=&#8221;on|desktop&#8221; custom_padding=&#8221;||||false|false&#8221; hover_enabled=&#8221;0&#8243; text_font_size_tablet=&#8221;22px&#8221; text_font_size_phone=&#8221;17px&#8221; text_font_size_last_edited=&#8221;on|phone&#8221; header_6_font_size_tablet=&#8221;16px&#8221; header_6_font_size_phone=&#8221;13px&#8221; header_6_font_size_last_edited=&#8221;on|phone&#8221; header_6_line_height_tablet=&#8221;3.2em&#8221; header_6_line_height_phone=&#8221;3.2em&#8221; header_6_line_height_last_edited=&#8221;on|desktop&#8221; global_colors_info=&#8221;{}&#8221; header_6_text_color=&#8221;#6b6b6b&#8221; sticky_enabled=&#8221;0&#8243;]<\/p>\n<p>La vall\u00e9e d\u2019Obermann de Liszt tir\u00e9 du premier recueil des ann\u00e9es de p\u00e8lerinage<\/p>\n<h6>12 minutes et 14 secondes<\/h6>\n<p>[\/et_pb_text][\/et_pb_column][et_pb_column type=&#8221;1_5&#8243; _builder_version=&#8221;4.24.2&#8243; _module_preset=&#8221;default&#8221; global_colors_info=&#8221;{}&#8221;][et_pb_image src=&#8221;https:\/\/arthursalle.b2design.pt\/wp-content\/uploads\/2024\/02\/Play_icon.png&#8221; title_text=&#8221;Play_icon&#8221; align=&#8221;right&#8221; _builder_version=&#8221;4.24.2&#8243; _module_preset=&#8221;default&#8221; positioning=&#8221;absolute&#8221; position_origin_a=&#8221;top_center&#8221; vertical_offset=&#8221;48px&#8221; vertical_offset_tablet=&#8221;-40px&#8221; vertical_offset_phone=&#8221;-35px&#8221; vertical_offset_last_edited=&#8221;on|tablet&#8221; position_origin_a_tablet=&#8221;top_right&#8221; position_origin_a_phone=&#8221;top_right&#8221; position_origin_a_last_edited=&#8221;on|tablet&#8221; position_origin_f_tablet=&#8221;&#8221; position_origin_f_phone=&#8221;&#8221; position_origin_f_last_edited=&#8221;on|desktop&#8221; position_origin_r_tablet=&#8221;&#8221; position_origin_r_phone=&#8221;&#8221; position_origin_r_last_edited=&#8221;on|desktop&#8221; width=&#8221;28%&#8221; width_tablet=&#8221;14%&#8221; width_phone=&#8221;12%&#8221; width_last_edited=&#8221;on|phone&#8221; positioning_tablet=&#8221;absolute&#8221; positioning_phone=&#8221;absolute&#8221; positioning_last_edited=&#8221;on|desktop&#8221; global_colors_info=&#8221;{}&#8221;][\/et_pb_image][\/et_pb_column][\/et_pb_row][et_pb_row column_structure=&#8221;1_5,3_5,1_5&#8243; custom_padding_last_edited=&#8221;on|desktop&#8221; _builder_version=&#8221;4.24.2&#8243; _module_preset=&#8221;default&#8221; background_color=&#8221;#ffffff&#8221; custom_margin=&#8221;|auto|30px|auto|false|false&#8221; custom_padding=&#8221;1%|1%|1%|1%|true|true&#8221; custom_padding_tablet=&#8221;5%|5%|9.5%|5%|false|true&#8221; custom_padding_phone=&#8221;6%|6%|6%|6%|true|true&#8221; animation_style=&#8221;slide&#8221; animation_duration=&#8221;2000ms&#8221; animation_delay=&#8221;1000ms&#8221; box_shadow_style=&#8221;preset2&#8243; global_colors_info=&#8221;{}&#8221;][et_pb_column type=&#8221;1_5&#8243; _builder_version=&#8221;4.24.2&#8243; _module_preset=&#8221;default&#8221; global_colors_info=&#8221;{}&#8221;][et_pb_image src=&#8221;https:\/\/arthursalle.b2design.pt\/wp-content\/uploads\/2024\/03\/musique_ArthurSalleChou-22.png&#8221; title_text=&#8221;musique_ArthurSalleChou-22&#8243; _builder_version=&#8221;4.24.2&#8243; _module_preset=&#8221;default&#8221; width=&#8221;85%&#8221; global_colors_info=&#8221;{}&#8221;][\/et_pb_image][\/et_pb_column][et_pb_column type=&#8221;3_5&#8243; _builder_version=&#8221;4.24.2&#8243; _module_preset=&#8221;default&#8221; global_colors_info=&#8221;{}&#8221;][et_pb_text _builder_version=&#8221;4.24.2&#8243; _module_preset=&#8221;default&#8221; text_text_color=&#8221;#000000&#8243; text_font_size=&#8221;22px&#8221; text_line_height=&#8221;0.4em&#8221; header_6_font_size=&#8221;16px&#8221; header_6_line_height=&#8221;3.2em&#8221; positioning=&#8221;absolute&#8221; position_origin_f=&#8221;bottom_right&#8221; vertical_offset=&#8221;50px&#8221; horizontal_offset=&#8221;0px&#8221; z_index=&#8221;0&#8243; vertical_offset_tablet=&#8221;30px&#8221; vertical_offset_phone=&#8221;15px&#8221; vertical_offset_last_edited=&#8221;on|phone&#8221; width=&#8221;100%&#8221; custom_margin=&#8221;||||false|false&#8221; custom_padding=&#8221;||||false|false&#8221; hover_enabled=&#8221;0&#8243; header_6_line_height_tablet=&#8221;3.2em&#8221; header_6_line_height_phone=&#8221;3.2em&#8221; header_6_line_height_last_edited=&#8221;on|desktop&#8221; global_colors_info=&#8221;{}&#8221; header_6_text_color=&#8221;#6b6b6b&#8221; sticky_enabled=&#8221;0&#8243;]<\/p>\n<p>Name of the music<\/p>\n<h6>Minutes and website to listen<\/h6>\n<p>[\/et_pb_text][\/et_pb_column][et_pb_column type=&#8221;1_5&#8243; _builder_version=&#8221;4.24.2&#8243; _module_preset=&#8221;default&#8221; global_colors_info=&#8221;{}&#8221;][et_pb_image src=&#8221;https:\/\/arthursalle.b2design.pt\/wp-content\/uploads\/2024\/02\/Play_icon.png&#8221; title_text=&#8221;Play_icon&#8221; align=&#8221;right&#8221; _builder_version=&#8221;4.24.2&#8243; _module_preset=&#8221;default&#8221; positioning=&#8221;absolute&#8221; position_origin_a=&#8221;top_center&#8221; vertical_offset=&#8221;48px&#8221; vertical_offset_tablet=&#8221;-40px&#8221; vertical_offset_phone=&#8221;-35px&#8221; vertical_offset_last_edited=&#8221;on|tablet&#8221; position_origin_a_tablet=&#8221;top_right&#8221; position_origin_a_phone=&#8221;top_right&#8221; position_origin_a_last_edited=&#8221;on|tablet&#8221; position_origin_f_tablet=&#8221;&#8221; position_origin_f_phone=&#8221;&#8221; position_origin_f_last_edited=&#8221;on|desktop&#8221; position_origin_r_tablet=&#8221;&#8221; position_origin_r_phone=&#8221;&#8221; position_origin_r_last_edited=&#8221;on|desktop&#8221; width=&#8221;28%&#8221; width_tablet=&#8221;14%&#8221; width_phone=&#8221;12%&#8221; width_last_edited=&#8221;on|phone&#8221; positioning_tablet=&#8221;absolute&#8221; positioning_phone=&#8221;absolute&#8221; positioning_last_edited=&#8221;on|desktop&#8221; global_colors_info=&#8221;{}&#8221;][\/et_pb_image][\/et_pb_column][\/et_pb_row][\/et_pb_section][et_pb_section fb_built=&#8221;1&#8243; _builder_version=&#8221;4.24.2&#8243; _module_preset=&#8221;default&#8221; background_color=&#8221;#333234&#8243; animation_style=&#8221;fade&#8221; animation_duration=&#8221;2000ms&#8221; animation_delay=&#8221;1000ms&#8221; global_colors_info=&#8221;{}&#8221;][et_pb_row _builder_version=&#8221;4.24.2&#8243; _module_preset=&#8221;default&#8221; custom_padding=&#8221;16px|||||&#8221; global_colors_info=&#8221;{}&#8221;][et_pb_column type=&#8221;4_4&#8243; _builder_version=&#8221;4.24.2&#8243; _module_preset=&#8221;default&#8221; global_colors_info=&#8221;{}&#8221;][et_pb_text _builder_version=&#8221;4.24.2&#8243; _module_preset=&#8221;default&#8221; text_font=&#8221;|||on|||||&#8221; text_text_color=&#8221;#ffffff&#8221; text_font_size=&#8221;20px&#8221; text_letter_spacing=&#8221;2px&#8221; global_colors_info=&#8221;{}&#8221;]<\/p>\n<p>Blog<\/p>\n<p>[\/et_pb_text][\/et_pb_column][\/et_pb_row][et_pb_row _builder_version=&#8221;4.24.2&#8243; _module_preset=&#8221;default&#8221; global_colors_info=&#8221;{}&#8221;][et_pb_column type=&#8221;4_4&#8243; _builder_version=&#8221;4.24.2&#8243; _module_preset=&#8221;default&#8221; global_colors_info=&#8221;{}&#8221;][et_pb_blog fullwidth=&#8221;off&#8221; posts_number=&#8221;3&#8243; use_manual_excerpt=&#8221;off&#8221; show_author=&#8221;off&#8221; show_excerpt=&#8221;off&#8221; show_pagination=&#8221;off&#8221; _builder_version=&#8221;4.24.2&#8243; header_font=&#8221;Prata||||||||&#8221; header_text_color=&#8221;#333234&#8243; header_font_size=&#8221;22px&#8221; header_line_height=&#8221;1.2em&#8221; body_font=&#8221;Mulish|300|||||||&#8221; body_text_color=&#8221;#6d7c90&#8243; body_font_size=&#8221;15px&#8221; body_line_height=&#8221;1.8em&#8221; meta_font=&#8221;Mulish||||||||&#8221; meta_text_color=&#8221;rgba(10,7,7,0.64)&#8221; meta_font_size=&#8221;13px&#8221; read_more_font=&#8221;Mulish|800|||||||&#8221; read_more_text_color=&#8221;#ed3335&#8243; read_more_font_size=&#8221;12px&#8221; pagination_font=&#8221;Lato|700||on|||||&#8221; pagination_text_color=&#8221;#000000&#8243; pagination_font_size=&#8221;19px&#8221; pagination_letter_spacing=&#8221;1px&#8221; animation_style=&#8221;fade&#8221; animation_duration=&#8221;2000ms&#8221; animation_delay=&#8221;1000ms&#8221; header_font_size_tablet=&#8221;15px&#8221; header_font_size_phone=&#8221;14px&#8221; header_font_size_last_edited=&#8221;on|phone&#8221; custom_css_read_more=&#8221;display: block;||margin-top: 16px;&#8221; border_radii=&#8221;on|8px|8px|8px|8px&#8221; border_width_all=&#8221;0px&#8221; box_shadow_style=&#8221;preset1&#8243; box_shadow_vertical=&#8221;10px&#8221; box_shadow_blur=&#8221;60px&#8221; box_shadow_color=&#8221;rgba(10,0,0,0.24)&#8221; locked=&#8221;off&#8221; global_colors_info=&#8221;{}&#8221;][\/et_pb_blog][\/et_pb_column][\/et_pb_row][\/et_pb_section][et_pb_section fb_built=&#8221;1&#8243; _builder_version=&#8221;4.24.2&#8243; _module_preset=&#8221;default&#8221; custom_padding=&#8221;75px||75px|||&#8221; global_colors_info=&#8221;{}&#8221;][et_pb_row column_structure=&#8221;2_5,3_5&#8243; _builder_version=&#8221;4.24.2&#8243; _module_preset=&#8221;default&#8221; locked=&#8221;off&#8221; global_colors_info=&#8221;{}&#8221;][et_pb_column type=&#8221;2_5&#8243; _builder_version=&#8221;4.24.2&#8243; _module_preset=&#8221;default&#8221; global_colors_info=&#8221;{}&#8221;][et_pb_text _builder_version=&#8221;4.24.2&#8243; _module_preset=&#8221;default&#8221; text_text_color=&#8221;#333234&#8243; text_font_size=&#8221;18px&#8221; header_6_font=&#8221;Prata||||||||&#8221; header_6_text_color=&#8221;#333234&#8243; header_6_font_size=&#8221;47px&#8221; header_6_line_height=&#8221;1.4em&#8221; custom_margin=&#8221;||||false|false&#8221; custom_margin_tablet=&#8221;2%|10%|20%||false|false&#8221; custom_margin_phone=&#8221;2%|0%|20%||false|false&#8221; custom_margin_last_edited=&#8221;off|desktop&#8221; animation_style=&#8221;slide&#8221; animation_direction=&#8221;left&#8221; animation_duration=&#8221;1400ms&#8221; animation_delay=&#8221;550ms&#8221; locked=&#8221;off&#8221; inline_fonts=&#8221;Prata&#8221; global_colors_info=&#8221;{}&#8221; custom_margin__hover_enabled=&#8221;off|desktop&#8221;]<\/p>\n<h6><span>Contactez moi<\/span>\u00a0<span>pour toute question<\/span>\u00a0<span>ou renseignement!<\/span><\/h6>\n<p>[\/et_pb_text][et_pb_social_media_follow icon_color=&#8221;#b7b7b7&#8243; use_icon_font_size=&#8221;on&#8221; icon_font_size=&#8221;22px&#8221; _builder_version=&#8221;4.24.2&#8243; _module_preset=&#8221;default&#8221; text_orientation=&#8221;left&#8221; locked=&#8221;off&#8221; global_colors_info=&#8221;{}&#8221;][et_pb_social_media_follow_network social_network=&#8221;facebook&#8221; icon_color=&#8221;rgba(51,50,52,0.62)&#8221; _builder_version=&#8221;4.24.2&#8243; _module_preset=&#8221;default&#8221; background_color=&#8221;RGBA(255,255,255,0)&#8221; background_enable_color=&#8221;on&#8221; global_colors_info=&#8221;{}&#8221; follow_button=&#8221;off&#8221; url_new_window=&#8221;on&#8221;]facebook[\/et_pb_social_media_follow_network][et_pb_social_media_follow_network social_network=&#8221;instagram&#8221; icon_color=&#8221;rgba(51,50,52,0.62)&#8221; _builder_version=&#8221;4.24.2&#8243; _module_preset=&#8221;default&#8221; background_color=&#8221;RGBA(255,255,255,0)&#8221; background_enable_color=&#8221;on&#8221; global_colors_info=&#8221;{}&#8221; follow_button=&#8221;off&#8221; url_new_window=&#8221;on&#8221;]instagram[\/et_pb_social_media_follow_network][et_pb_social_media_follow_network social_network=&#8221;linkedin&#8221; icon_color=&#8221;rgba(51,50,52,0.62)&#8221; _builder_version=&#8221;4.24.2&#8243; _module_preset=&#8221;default&#8221; background_color=&#8221;RGBA(255,255,255,0)&#8221; background_enable_color=&#8221;on&#8221; border_color_all=&#8221;#ffffff&#8221; global_colors_info=&#8221;{}&#8221; follow_button=&#8221;off&#8221; url_new_window=&#8221;on&#8221;]linkedin[\/et_pb_social_media_follow_network][et_pb_social_media_follow_network social_network=&#8221;youtube&#8221; icon_color=&#8221;rgba(51,50,52,0.62)&#8221; _builder_version=&#8221;4.24.2&#8243; _module_preset=&#8221;default&#8221; background_color=&#8221;RGBA(255,255,255,0)&#8221; background_enable_color=&#8221;on&#8221; global_colors_info=&#8221;{}&#8221; follow_button=&#8221;off&#8221; url_new_window=&#8221;on&#8221;]youtube[\/et_pb_social_media_follow_network][\/et_pb_social_media_follow][\/et_pb_column][et_pb_column type=&#8221;3_5&#8243; _builder_version=&#8221;4.24.2&#8243; _module_preset=&#8221;default&#8221; global_colors_info=&#8221;{}&#8221;][et_pb_image src=&#8221;https:\/\/arthursalle.b2design.pt\/wp-content\/uploads\/2024\/02\/Firefly-man-playing-piano-in-a-music-room-witout-seeing-his-face-38897-scaled.jpg&#8221; title_text=&#8221;Firefly man playing piano in a music room witout seeing his face 38897&#8243; _builder_version=&#8221;4.24.2&#8243; _module_preset=&#8221;default&#8221; global_colors_info=&#8221;{}&#8221;][\/et_pb_image][\/et_pb_column][\/et_pb_row][\/et_pb_section]<\/p>\n","protected":false},"excerpt":{"rendered":"<p>\u00abLa musique commence l\u00e0 o\u00f9 s\u2019arr\u00eate le pouvoir des mots\u00bb Richard WagnerN\u00e9 en 1984, Arthur commence le violon \u00e0 l\u2019\u00e2ge de quatre ans. Tout petit d\u00e9j\u00e0, la musique prend une place essentielle dans sa vie. Il rencontre Elisabeth Gradinarov qui sera un vrai maitre \u00e0 penser musical pour lui. A sept ans, il entre en [&hellip;]<\/p>\n","protected":false},"author":2,"featured_media":0,"parent":0,"menu_order":0,"comment_status":"closed","ping_status":"closed","template":"","meta":{"_et_pb_use_builder":"on","_et_pb_old_content":"","_et_gb_content_width":"","footnotes":""},"class_list":["post-62","page","type-page","status-publish","hentry"],"_links":{"self":[{"href":"https:\/\/arthursalle.b2design.pt\/index.php\/wp-json\/wp\/v2\/pages\/62","targetHints":{"allow":["GET"]}}],"collection":[{"href":"https:\/\/arthursalle.b2design.pt\/index.php\/wp-json\/wp\/v2\/pages"}],"about":[{"href":"https:\/\/arthursalle.b2design.pt\/index.php\/wp-json\/wp\/v2\/types\/page"}],"author":[{"embeddable":true,"href":"https:\/\/arthursalle.b2design.pt\/index.php\/wp-json\/wp\/v2\/users\/2"}],"replies":[{"embeddable":true,"href":"https:\/\/arthursalle.b2design.pt\/index.php\/wp-json\/wp\/v2\/comments?post=62"}],"version-history":[{"count":36,"href":"https:\/\/arthursalle.b2design.pt\/index.php\/wp-json\/wp\/v2\/pages\/62\/revisions"}],"predecessor-version":[{"id":335,"href":"https:\/\/arthursalle.b2design.pt\/index.php\/wp-json\/wp\/v2\/pages\/62\/revisions\/335"}],"wp:attachment":[{"href":"https:\/\/arthursalle.b2design.pt\/index.php\/wp-json\/wp\/v2\/media?parent=62"}],"curies":[{"name":"wp","href":"https:\/\/api.w.org\/{rel}","templated":true}]}}